{"id":199,"date":"2025-03-17T18:43:16","date_gmt":"2025-03-17T17:43:16","guid":{"rendered":"https:\/\/weddings-by-alicamariasmyk.de\/ueber-mich\/"},"modified":"2026-01-18T10:32:58","modified_gmt":"2026-01-18T09:32:58","slug":"ueber-mich","status":"publish","type":"page","link":"https:\/\/weddings-by-alicamariasmyk.de\/en\/ueber-mich\/","title":{"rendered":"About me"},"content":{"rendered":"\t\t<div data-elementor-type=\"wp-page\" data-elementor-id=\"199\" class=\"elementor elementor-199\" data-elementor-post-type=\"page\">\n\t\t\t\t<div class=\"elementor-element elementor-element-43f84345 e-con-full e-flex e-con e-parent\" data-id=\"43f84345\" data-element_type=\"container\" data-e-type=\"container\" data-settings=\"{&quot;background_background&quot;:&quot;slideshow&quot;,&quot;background_slideshow_gallery&quot;:[{&quot;id&quot;:153,&quot;url&quot;:&quot;https:\\\/\\\/weddings-by-alicamariasmyk.de\\\/wp-content\\\/uploads\\\/2025\\\/03\\\/hochzeitslocation-in-italien-destination-wedding.jpg&quot;}],&quot;background_slideshow_ken_burns&quot;:&quot;yes&quot;,&quot;background_slideshow_slide_duration&quot;:1000,&quot;background_slideshow_loop&quot;:&quot;yes&quot;,&quot;background_slideshow_slide_transition&quot;:&quot;fade&quot;,&quot;background_slideshow_transition_duration&quot;:500,&quot;background_slideshow_ken_burns_zoom_direction&quot;:&quot;in&quot;}\">\n\t\t<div class=\"elementor-element elementor-element-26fe261f e-con-full e-flex e-con e-child\" data-id=\"26fe261f\" data-element_type=\"container\" data-e-type=\"container\">\n\t\t\t\t<div class=\"elementor-element elementor-element-3717845d elementor-widget elementor-widget-heading\" data-id=\"3717845d\" data-element_type=\"widget\" data-e-type=\"widget\" data-widget_type=\"heading.default\">\n\t\t\t\t<div class=\"elementor-widget-container\">\n\t\t\t\t\t<h1 class=\"elementor-heading-title elementor-size-default\">\u00dcber mich<\/h1>\t\t\t\t<\/div>\n\t\t\t\t<\/div>\n\t\t\t\t<div class=\"elementor-element elementor-element-37fdeaed elementor-widget elementor-widget-heading\" data-id=\"37fdeaed\" data-element_type=\"widget\" data-e-type=\"widget\" data-widget_type=\"heading.default\">\n\t\t\t\t<div class=\"elementor-widget-container\">\n\t\t\t\t\t<h4 class=\"elementor-heading-title elementor-size-default\">als Hochzeitsplanerin<\/h4>\t\t\t\t<\/div>\n\t\t\t\t<\/div>\n\t\t\t\t<\/div>\n\t\t\t\t<\/div>\n\t\t<div class=\"elementor-element elementor-element-48f42c84 e-con-full elementor-hidden-desktop elementor-hidden-tablet elementor-hidden-mobile e-flex e-con e-parent\" data-id=\"48f42c84\" data-element_type=\"container\" data-e-type=\"container\" data-settings=\"{&quot;background_background&quot;:&quot;classic&quot;}\">\n\t\t\t\t<div class=\"elementor-element elementor-element-f803d30 elementor-widget__width-initial elementor-widget-divider--view-line elementor-widget elementor-widget-divider\" data-id=\"f803d30\" data-element_type=\"widget\" data-e-type=\"widget\" data-widget_type=\"divider.default\">\n\t\t\t\t<div class=\"elementor-widget-container\">\n\t\t\t\t\t\t\t<div class=\"elementor-divider\">\n\t\t\t<span class=\"elementor-divider-separator\">\n\t\t\t\t\t\t<\/span>\n\t\t<\/div>\n\t\t\t\t\t\t<\/div>\n\t\t\t\t<\/div>\n\t\t\t\t<div class=\"elementor-element elementor-element-574f77b2 elementor-widget elementor-widget-theme-site-logo elementor-widget-image\" data-id=\"574f77b2\" data-element_type=\"widget\" data-e-type=\"widget\" data-widget_type=\"theme-site-logo.default\">\n\t\t\t\t<div class=\"elementor-widget-container\">\n\t\t\t\t\t\t\t\t\t\t\t<a href=\"https:\/\/weddings-by-alicamariasmyk.de\/en\">\n\t\t\t<img decoding=\"async\" width=\"460\" height=\"54\" src=\"https:\/\/weddings-by-alicamariasmyk.de\/wp-content\/uploads\/2025\/03\/Logo_Alica_weiss_ohneZusatz.svg\" class=\"attachment-full size-full wp-image-1061\" alt=\"Wei\u00dfer Text ALICA MARIA SMYK auf hellgrauem Hintergrund, perfekt f\u00fcr eine Hochzeit am Reiseziel oder f\u00fcr alle, die einen erfahrenen Hochzeitsplaner Italien suchen.\" \/>\t\t\t\t<\/a>\n\t\t\t\t\t\t\t\t\t\t\t<\/div>\n\t\t\t\t<\/div>\n\t\t\t\t<div class=\"elementor-element elementor-element-7e871819 elementor-widget__width-initial elementor-widget-divider--view-line elementor-widget elementor-widget-divider\" data-id=\"7e871819\" data-element_type=\"widget\" data-e-type=\"widget\" data-widget_type=\"divider.default\">\n\t\t\t\t<div class=\"elementor-widget-container\">\n\t\t\t\t\t\t\t<div class=\"elementor-divider\">\n\t\t\t<span class=\"elementor-divider-separator\">\n\t\t\t\t\t\t<\/span>\n\t\t<\/div>\n\t\t\t\t\t\t<\/div>\n\t\t\t\t<\/div>\n\t\t\t\t<\/div>\n\t\t<div class=\"elementor-element elementor-element-6ed4944d e-con-full e-flex e-con e-parent\" data-id=\"6ed4944d\" data-element_type=\"container\" data-e-type=\"container\">\n\t\t<div class=\"elementor-element elementor-element-260db426 e-con-full e-flex e-con e-child\" data-id=\"260db426\" data-element_type=\"container\" data-e-type=\"container\">\n\t\t\t\t<div class=\"elementor-element elementor-element-37ff6189 elementor-widget elementor-widget-heading\" data-id=\"37ff6189\" data-element_type=\"widget\" data-e-type=\"widget\" data-widget_type=\"heading.default\">\n\t\t\t\t<div class=\"elementor-widget-container\">\n\t\t\t\t\t<h2 class=\"elementor-heading-title elementor-size-default\">Wie ich Wedding Plannerin geworden bin...<\/h2>\t\t\t\t<\/div>\n\t\t\t\t<\/div>\n\t\t\t\t<div class=\"elementor-element elementor-element-796870fe elementor-widget elementor-widget-text-editor\" data-id=\"796870fe\" data-element_type=\"widget\" data-e-type=\"widget\" data-widget_type=\"text-editor.default\">\n\t\t\t\t<div class=\"elementor-widget-container\">\n\t\t\t\t\t\t\t\t\t<p>Schon mit 16 Jahren begeisterte mich die Welt der Hochzeiten. Doch damals hie\u00df es: \u201eMach doch erst einmal etwas Vern\u00fcnftiges.\u201c<\/p><p>Zu dieser Zeit gab es den Beruf der Hochzeitsplanerin in der heutigen Form noch nicht, also entschied ich mich f\u00fcr eine Ausbildung als Physiotherapeutin. Viele Jahre arbeitete ich erfolgreich in diesem Bereich, doch ich sp\u00fcrte, dass mir etwas fehlte. Mein Job war solide, aber meine wahre Leidenschaft lag woanders: in der Planung unvergesslicher Hochzeiten.<\/p><p>Die eigene Hochzeit hat mir die Augen ge\u00f6ffnet. Ich erkannte, wie wertvoll eine professionelle Hochzeitsplanung ist \u2013 vor allem, als ich bei den Hochzeiten von Freunden sah, wie viele Fehler ohne eine erfahrene Hochzeitsplanerin passieren k\u00f6nnen. Dieser Moment war entscheidend f\u00fcr meinen weiteren Weg.<br \/>Ich absolvierte eine Ausbildung zur zertifizierten Hochzeitsplanerin (IHK) und bestand mit Bestnote. Danach wagte ich den Schritt in die Selbstst\u00e4ndigkeit als Hochzeitsplanerin \u2013 und es war die beste Entscheidung meines Lebens!<\/p>\t\t\t\t\t\t\t\t<\/div>\n\t\t\t\t<\/div>\n\t\t\t\t<\/div>\n\t\t<div class=\"elementor-element elementor-element-7a057af1 e-con-full e-flex e-con e-child\" data-id=\"7a057af1\" data-element_type=\"container\" data-e-type=\"container\">\n\t\t\t\t<div class=\"elementor-element elementor-element-6216f707 elementor-widget-mobile__width-initial elementor-widget elementor-widget-image\" data-id=\"6216f707\" data-element_type=\"widget\" data-e-type=\"widget\" data-widget_type=\"image.default\">\n\t\t\t\t<div class=\"elementor-widget-container\">\n\t\t\t\t\t\t\t\t\t\t\t\t\t\t\t<img fetchpriority=\"high\" decoding=\"async\" width=\"800\" height=\"628\" src=\"https:\/\/weddings-by-alicamariasmyk.de\/wp-content\/uploads\/2025\/03\/heiraten-italien-destination-weddings-alica-smyk-1024x804.jpg\" class=\"attachment-large size-large wp-image-200\" alt=\"Luxus Hochzeit Italien mit Meerblick\" srcset=\"https:\/\/weddings-by-alicamariasmyk.de\/wp-content\/uploads\/2025\/03\/heiraten-italien-destination-weddings-alica-smyk-1024x804.jpg 1024w, https:\/\/weddings-by-alicamariasmyk.de\/wp-content\/uploads\/2025\/03\/heiraten-italien-destination-weddings-alica-smyk-300x236.jpg 300w, https:\/\/weddings-by-alicamariasmyk.de\/wp-content\/uploads\/2025\/03\/heiraten-italien-destination-weddings-alica-smyk-768x603.jpg 768w, https:\/\/weddings-by-alicamariasmyk.de\/wp-content\/uploads\/2025\/03\/heiraten-italien-destination-weddings-alica-smyk.jpg 1214w\" sizes=\"(max-width: 800px) 100vw, 800px\" \/>\t\t\t\t\t\t\t\t\t\t\t\t\t\t\t<\/div>\n\t\t\t\t<\/div>\n\t\t\t\t<\/div>\n\t\t\t\t<\/div>\n\t\t<div class=\"elementor-element elementor-element-37af7928 e-con-full e-flex e-con e-parent\" data-id=\"37af7928\" data-element_type=\"container\" data-e-type=\"container\">\n\t\t<div class=\"elementor-element elementor-element-2612aafe e-con-full e-flex e-con e-child\" data-id=\"2612aafe\" data-element_type=\"container\" data-e-type=\"container\" data-settings=\"{&quot;background_background&quot;:&quot;classic&quot;}\">\n\t\t\t\t<\/div>\n\t\t<div class=\"elementor-element elementor-element-1d32e15d e-con-full e-flex e-con e-child\" data-id=\"1d32e15d\" data-element_type=\"container\" data-e-type=\"container\" data-settings=\"{&quot;background_background&quot;:&quot;classic&quot;}\">\n\t\t<div class=\"elementor-element elementor-element-37bd10ba e-con-full e-flex e-con e-child\" data-id=\"37bd10ba\" data-element_type=\"container\" data-e-type=\"container\">\n\t\t\t\t<div class=\"elementor-element elementor-element-c5d623a elementor-widget-mobile__width-initial elementor-widget elementor-widget-image\" data-id=\"c5d623a\" data-element_type=\"widget\" data-e-type=\"widget\" data-widget_type=\"image.default\">\n\t\t\t\t<div class=\"elementor-widget-container\">\n\t\t\t\t\t\t\t\t\t\t\t\t\t\t\t<img decoding=\"async\" width=\"683\" height=\"1024\" src=\"https:\/\/weddings-by-alicamariasmyk.de\/wp-content\/uploads\/2025\/03\/heiraten-in-italien-destination-wedding-planner-alica-smyk-683x1024.jpg\" class=\"attachment-large size-large wp-image-203\" alt=\"Wedding Planner plant Hochzeit am Gardasee - Alica Smyk\" srcset=\"https:\/\/weddings-by-alicamariasmyk.de\/wp-content\/uploads\/2025\/03\/heiraten-in-italien-destination-wedding-planner-alica-smyk-683x1024.jpg 683w, https:\/\/weddings-by-alicamariasmyk.de\/wp-content\/uploads\/2025\/03\/heiraten-in-italien-destination-wedding-planner-alica-smyk-200x300.jpg 200w, https:\/\/weddings-by-alicamariasmyk.de\/wp-content\/uploads\/2025\/03\/heiraten-in-italien-destination-wedding-planner-alica-smyk-768x1152.jpg 768w, https:\/\/weddings-by-alicamariasmyk.de\/wp-content\/uploads\/2025\/03\/heiraten-in-italien-destination-wedding-planner-alica-smyk-1024x1536.jpg 1024w, https:\/\/weddings-by-alicamariasmyk.de\/wp-content\/uploads\/2025\/03\/heiraten-in-italien-destination-wedding-planner-alica-smyk-1366x2048.jpg 1366w, https:\/\/weddings-by-alicamariasmyk.de\/wp-content\/uploads\/2025\/03\/heiraten-in-italien-destination-wedding-planner-alica-smyk.jpg 1707w\" sizes=\"(max-width: 683px) 100vw, 683px\" \/>\t\t\t\t\t\t\t\t\t\t\t\t\t\t\t<\/div>\n\t\t\t\t<\/div>\n\t\t\t\t<\/div>\n\t\t<div class=\"elementor-element elementor-element-1f604f0d e-con-full e-flex e-con e-child\" data-id=\"1f604f0d\" data-element_type=\"container\" data-e-type=\"container\" data-settings=\"{&quot;background_background&quot;:&quot;classic&quot;}\">\n\t\t\t\t<div class=\"elementor-element elementor-element-65d70cf3 elementor-widget elementor-widget-heading\" data-id=\"65d70cf3\" data-element_type=\"widget\" data-e-type=\"widget\" data-widget_type=\"heading.default\">\n\t\t\t\t<div class=\"elementor-widget-container\">\n\t\t\t\t\t<h2 class=\"elementor-heading-title elementor-size-default\">Meine Philosphie<\/h2>\t\t\t\t<\/div>\n\t\t\t\t<\/div>\n\t\t\t\t<div class=\"elementor-element elementor-element-74ecf868 elementor-widget elementor-widget-text-editor\" data-id=\"74ecf868\" data-element_type=\"widget\" data-e-type=\"widget\" data-widget_type=\"text-editor.default\">\n\t\t\t\t<div class=\"elementor-widget-container\">\n\t\t\t\t\t\t\t\t\t<p>Eine Hochzeit ist nicht nur ein Ereignis, sondern ein kunstvolles Zusammenspiel aus Emotionen, \u00c4sthetik und einzigartigen Momenten. Als exklusive Wedding Designerin setze ich auf ma\u00dfgeschneiderte Konzepte, stilvolle Eleganz und eine durchdachte Inszenierung, um eure Liebe auf die sch\u00f6nste Weise zu zelebrieren.<\/p><p>Ob eine traumhafte Hochzeit in der malerischen Toskana, am glamour\u00f6sen Comer See oder im idyllischen Apulien, eine stilvolle Feier auf Mallorca mit mediterranem Charme oder eine unvergessliche Trauung an den Klippen von Santorini oder Mykonos \u2013 ich verwandle eure Vision in ein exquisites, perfekt durchgeplantes Fest.<\/p>\t\t\t\t\t\t\t\t<\/div>\n\t\t\t\t<\/div>\n\t\t\t\t<div class=\"elementor-element elementor-element-fee191f elementor-align-left elementor-mobile-align-center elementor-widget elementor-widget-global elementor-global-1900 elementor-widget-button\" data-id=\"fee191f\" data-element_type=\"widget\" data-e-type=\"widget\" data-widget_type=\"button.default\">\n\t\t\t\t<div class=\"elementor-widget-container\">\n\t\t\t\t\t\t\t\t\t<div class=\"elementor-button-wrapper\">\n\t\t\t\t\t<a class=\"elementor-button elementor-button-link elementor-size-sm\" href=\"https:\/\/weddings-by-alicamariasmyk.de\/en\/kontakt\/\">\n\t\t\t\t\t\t<span class=\"elementor-button-content-wrapper\">\n\t\t\t\t\t\t\t\t\t<span class=\"elementor-button-text\">Kostenlose Beratung anfragen<\/span>\n\t\t\t\t\t<\/span>\n\t\t\t\t\t<\/a>\n\t\t\t\t<\/div>\n\t\t\t\t\t\t\t\t<\/div>\n\t\t\t\t<\/div>\n\t\t\t\t<\/div>\n\t\t\t\t<\/div>\n\t\t\t\t<\/div>\n\t\t<div class=\"elementor-element elementor-element-4808f758 e-con-full e-flex e-con e-parent\" data-id=\"4808f758\" data-element_type=\"container\" data-e-type=\"container\" data-settings=\"{&quot;background_background&quot;:&quot;classic&quot;}\">\n\t\t<div class=\"elementor-element elementor-element-2303ed8f e-con-full e-flex e-con e-child\" data-id=\"2303ed8f\" data-element_type=\"container\" data-e-type=\"container\">\n\t\t\t\t<div class=\"elementor-element elementor-element-5e3ba5a9 elementor-widget elementor-widget-heading\" data-id=\"5e3ba5a9\" data-element_type=\"widget\" data-e-type=\"widget\" data-widget_type=\"heading.default\">\n\t\t\t\t<div class=\"elementor-widget-container\">\n\t\t\t\t\t<h3 class=\"elementor-heading-title elementor-size-default\">A wedding is a dream you hold in your hands \u2013 let\u2019s make it extraordinary.<\/h3>\t\t\t\t<\/div>\n\t\t\t\t<\/div>\n\t\t\t\t<div class=\"elementor-element elementor-element-1b4f6b16 elementor-widget elementor-widget-heading\" data-id=\"1b4f6b16\" data-element_type=\"widget\" data-e-type=\"widget\" data-widget_type=\"heading.default\">\n\t\t\t\t<div class=\"elementor-widget-container\">\n\t\t\t\t\t<p class=\"elementor-heading-title elementor-size-default\">- Alica Maria Smyk, Hochzeitsplanerin<\/p>\t\t\t\t<\/div>\n\t\t\t\t<\/div>\n\t\t\t\t<\/div>\n\t\t\t\t<\/div>\n\t\t\t\t<\/div>\n\t\t","protected":false},"excerpt":{"rendered":"<p>\u00dcber mich als Hochzeitsplanerin Wie ich Wedding Plannerin geworden bin&#8230; Schon mit 16 Jahren begeisterte mich die Welt der Hochzeiten. Doch damals hie\u00df es: \u201eMach doch erst einmal etwas Vern\u00fcnftiges.\u201c Zu dieser Zeit gab es den Beruf der Hochzeitsplanerin in der heutigen Form noch nicht, also entschied ich mich f\u00fcr eine Ausbildung als Physiotherapeutin. Viele [&hellip;]<\/p>\n","protected":false},"author":1,"featured_media":0,"parent":0,"menu_order":0,"comment_status":"closed","ping_status":"closed","template":"elementor_header_footer","meta":{"_acf_changed":false,"footnotes":""},"class_list":["post-199","page","type-page","status-publish","hentry"],"acf":[],"_links":{"self":[{"href":"https:\/\/weddings-by-alicamariasmyk.de\/en\/wp-json\/wp\/v2\/pages\/199","targetHints":{"allow":["GET"]}}],"collection":[{"href":"https:\/\/weddings-by-alicamariasmyk.de\/en\/wp-json\/wp\/v2\/pages"}],"about":[{"href":"https:\/\/weddings-by-alicamariasmyk.de\/en\/wp-json\/wp\/v2\/types\/page"}],"author":[{"embeddable":true,"href":"https:\/\/weddings-by-alicamariasmyk.de\/en\/wp-json\/wp\/v2\/users\/1"}],"replies":[{"embeddable":true,"href":"https:\/\/weddings-by-alicamariasmyk.de\/en\/wp-json\/wp\/v2\/comments?post=199"}],"version-history":[{"count":10,"href":"https:\/\/weddings-by-alicamariasmyk.de\/en\/wp-json\/wp\/v2\/pages\/199\/revisions"}],"predecessor-version":[{"id":1914,"href":"https:\/\/weddings-by-alicamariasmyk.de\/en\/wp-json\/wp\/v2\/pages\/199\/revisions\/1914"}],"wp:attachment":[{"href":"https:\/\/weddings-by-alicamariasmyk.de\/en\/wp-json\/wp\/v2\/media?parent=199"}],"curies":[{"name":"wp","href":"https:\/\/api.w.org\/{rel}","templated":true}]}}