{"id":2378,"date":"2026-03-23T16:45:18","date_gmt":"2026-03-23T15:45:18","guid":{"rendered":"https:\/\/weddings-by-alicamariasmyk.de\/?page_id=2378"},"modified":"2026-03-23T17:05:57","modified_gmt":"2026-03-23T16:05:57","slug":"luxurioese-hochzeitslocations-mallorca","status":"publish","type":"page","link":"https:\/\/weddings-by-alicamariasmyk.de\/en\/luxurioese-hochzeitslocations-mallorca\/","title":{"rendered":"Video: Luxury wedding venues on Mallorca"},"content":{"rendered":"\t\t<div data-elementor-type=\"wp-page\" data-elementor-id=\"2378\" class=\"elementor elementor-2378\" data-elementor-post-type=\"page\">\n\t\t\t\t<div class=\"elementor-element elementor-element-6193d38e e-con-full e-flex e-con e-parent\" data-id=\"6193d38e\" data-element_type=\"container\" data-e-type=\"container\" data-settings=\"{&quot;background_background&quot;:&quot;classic&quot;}\">\n\t\t<div class=\"elementor-element elementor-element-505a11df e-con-full e-flex e-con e-child\" data-id=\"505a11df\" data-element_type=\"container\" data-e-type=\"container\">\n\t\t\t\t<div class=\"elementor-element elementor-element-108258c7 elementor-widget elementor-widget-heading\" data-id=\"108258c7\" data-element_type=\"widget\" data-e-type=\"widget\" data-widget_type=\"heading.default\">\n\t\t\t\t<div class=\"elementor-widget-container\">\n\t\t\t\t\t<h1 class=\"elementor-heading-title elementor-size-default\">Luxuri\u00f6s heiraten auf Mallorca: Diese Traumlocations m\u00fcsst ihr kennen!<\/h1>\t\t\t\t<\/div>\n\t\t\t\t<\/div>\n\t\t\t\t<\/div>\n\t\t\t\t<\/div>\n\t\t<div class=\"elementor-element elementor-element-5e4f76dc e-con-full e-flex e-con e-parent\" data-id=\"5e4f76dc\" data-element_type=\"container\" data-e-type=\"container\">\n\t\t<div class=\"elementor-element elementor-element-7796e4e5 e-con-full e-flex e-con e-child\" data-id=\"7796e4e5\" data-element_type=\"container\" data-e-type=\"container\">\n\t\t\t\t<div class=\"elementor-element elementor-element-2b070272 elementor-widget elementor-widget-text-editor\" data-id=\"2b070272\" data-element_type=\"widget\" data-e-type=\"widget\" data-widget_type=\"text-editor.default\">\n\t\t\t\t<div class=\"elementor-widget-container\">\n\t\t\t\t\t\t\t\t\t<p>Luxuri\u00f6s auf Mallorca heiraten klingt einfach \u2013 bis es konkret wird. <b>Pl\u00f6tzlich geht es um Verf\u00fcgbarkeiten, Genehmigungen und Kosten, die viele untersch\u00e4tzen.<\/b><\/p><p>In diesem Video zeige ich euch exklusive Locations im Luxussegment und worauf ihr wirklich achten m\u00fcsst, wenn ihr im Ausland heiratet.<\/p><p>Schaut euch das Video jetzt an, bevor ihr eine falsche Entscheidung trefft.<\/p>\t\t\t\t\t\t\t\t<\/div>\n\t\t\t\t<\/div>\n\t\t\t\t<div class=\"elementor-element elementor-element-324a00d elementor-widget elementor-widget-heading\" data-id=\"324a00d\" data-element_type=\"widget\" data-e-type=\"widget\" data-widget_type=\"heading.default\">\n\t\t\t\t<div class=\"elementor-widget-container\">\n\t\t\t\t\t<p class=\"elementor-heading-title elementor-size-default\">Wenn ihr mehr dar\u00fcber wissen wollt oder euch einen Hochzeitsplaner f\u00fcr eure Planung w\u00fcnscht, <a href=\"https:\/\/weddings-by-alicamariasmyk.de\/kontakt\/\"><strong>vereinbart gerne euer kostenloses Beratungsgespr\u00e4ch<\/strong><\/a> mit mir.<\/p>\t\t\t\t<\/div>\n\t\t\t\t<\/div>\n\t\t\t\t<\/div>\n\t\t<div class=\"elementor-element elementor-element-6614300d e-con-full e-flex e-con e-child\" data-id=\"6614300d\" data-element_type=\"container\" data-e-type=\"container\" data-settings=\"{&quot;background_background&quot;:&quot;classic&quot;}\">\n\t\t\t\t<div class=\"elementor-element elementor-element-646108d1 elementor-widget elementor-widget-html\" data-id=\"646108d1\" data-element_type=\"widget\" data-e-type=\"widget\" data-widget_type=\"html.default\">\n\t\t\t\t<div class=\"elementor-widget-container\">\n\t\t\t\t\t<script src=\"https:\/\/fast.wistia.com\/player.js\" async><\/script><script src=\"https:\/\/fast.wistia.com\/embed\/48xy29d3pr.js\" async type=\"module\"><\/script><style>wistia-player[media-id='48xy29d3pr']:not(:defined) { background: center \/ contain no-repeat url('https:\/\/fast.wistia.com\/embed\/medias\/48xy29d3pr\/swatch'); display: block; filter: blur(5px); padding-top:56.25%; }<\/style> <wistia-player media-id=\"48xy29d3pr\" aspect=\"1.7777777777777777\"><\/wistia-player>\t\t\t\t<\/div>\n\t\t\t\t<\/div>\n\t\t\t\t<\/div>\n\t\t\t\t<\/div>\n\t\t\t\t<\/div>\n\t\t","protected":false},"excerpt":{"rendered":"<p>Luxuri\u00f6s heiraten auf Mallorca: Diese Traumlocations m\u00fcsst ihr kennen! Luxuri\u00f6s auf Mallorca heiraten klingt einfach \u2013 bis es konkret wird. Pl\u00f6tzlich geht es um Verf\u00fcgbarkeiten, Genehmigungen und Kosten, die viele untersch\u00e4tzen. In diesem Video zeige ich euch exklusive Locations im Luxussegment und worauf ihr wirklich achten m\u00fcsst, wenn ihr im Ausland heiratet. Schaut euch das [&hellip;]<\/p>\n","protected":false},"author":1,"featured_media":0,"parent":0,"menu_order":0,"comment_status":"closed","ping_status":"closed","template":"elementor_header_footer","meta":{"_acf_changed":false,"footnotes":""},"class_list":["post-2378","page","type-page","status-publish","hentry"],"acf":[],"_links":{"self":[{"href":"https:\/\/weddings-by-alicamariasmyk.de\/en\/wp-json\/wp\/v2\/pages\/2378","targetHints":{"allow":["GET"]}}],"collection":[{"href":"https:\/\/weddings-by-alicamariasmyk.de\/en\/wp-json\/wp\/v2\/pages"}],"about":[{"href":"https:\/\/weddings-by-alicamariasmyk.de\/en\/wp-json\/wp\/v2\/types\/page"}],"author":[{"embeddable":true,"href":"https:\/\/weddings-by-alicamariasmyk.de\/en\/wp-json\/wp\/v2\/users\/1"}],"replies":[{"embeddable":true,"href":"https:\/\/weddings-by-alicamariasmyk.de\/en\/wp-json\/wp\/v2\/comments?post=2378"}],"version-history":[{"count":10,"href":"https:\/\/weddings-by-alicamariasmyk.de\/en\/wp-json\/wp\/v2\/pages\/2378\/revisions"}],"predecessor-version":[{"id":2406,"href":"https:\/\/weddings-by-alicamariasmyk.de\/en\/wp-json\/wp\/v2\/pages\/2378\/revisions\/2406"}],"wp:attachment":[{"href":"https:\/\/weddings-by-alicamariasmyk.de\/en\/wp-json\/wp\/v2\/media?parent=2378"}],"curies":[{"name":"wp","href":"https:\/\/api.w.org\/{rel}","templated":true}]}}